{"id":518,"date":"2016-06-20T17:34:51","date_gmt":"2016-06-20T17:34:51","guid":{"rendered":"http:\/\/www.orlconstructora.cat\/desembussos\/"},"modified":"2017-05-13T08:08:37","modified_gmt":"2017-05-13T08:08:37","slug":"desembussos","status":"publish","type":"page","link":"https:\/\/www.orlconstructora.cat\/es\/desembussos\/","title":{"rendered":"Desembussos"},"content":{"rendered":"<h3>Descripci\u00f3 Del Servei<\/h3>\n<p>Els equips de Hidrotec compleixen amb la normativa aplicable, tant a nivell de seguretat com a nivell mediambiental. En aquest sentit, els nostres vehicles estan autoritzats per al transport de residus tant per la ARC (Ag\u00e8ncia de Residus de Catalunya) com per la AMB (\u00c0rea Metropolitana de Barcelona). Garantim un servei r\u00e0pid, amb les m\u00ednimes mol\u00e8sties i sobretot professional, evitant d&#8217;aquesta manera actuacions que puguin produir danys costosos a les xarxes de sanejament i abocaments accidentals que generin sancions administratives al client. El nostre equip de professionals estudia i analitza el problema tenint en compte el context d&#8217;actuaci\u00f3, oferint la soluci\u00f3 m\u00e9s adequada i econ\u00f2mica en cada cas.<\/p>\n<p>Recomanem actuar al mateix moment que es tingui la sospita d&#8217;un possible emb\u00fas, ja que d&#8217;aquesta manera minimitzarem la possibilitat que es presentin problemes majors en el conjunt d&#8217;elements que componen la xarxa de sanejament i al mateix temps evitarem abocaments d&#8217;aig\u00fces residuals que poden posar en risc la salut.<\/p>\n<h3>Descripci\u00f3 del servei<\/h3>\n<p align=\"JUSTIFY\">Aquests sistemes de rehabilitaci\u00f3 tenen moltes m\u00e9s avantatges que el tradicional sistema de substituci\u00f3 mitjan\u00e7ant obra. Entre aquests avantatges destaquem els seg\u00fcents:<\/p>\n<ul>\n<li>Econ\u00f2mic: s\u00f3n els m\u00e8todes de reparaci\u00f3 de canonades m\u00e9s econ\u00f2mics del mercat.<\/li>\n<li>R\u00e0pid i sense mol\u00e8sties: no genera sorolls ni olors.<\/li>\n<li>Estanque\u00eftat garantida: s&#8217;aconsegueixen eliminar les juntes interiors.<\/li>\n<li>Vers\u00e0til: s&#8217;aplica tant a trams verticals com a horitzontals i inclinats.<\/li>\n<li>Sostenible: cuida el medi ambient posat que no es generen residus i la despesa energ\u00e8tica \u00e9s inferior.<\/li>\n<\/ul>\n<p align=\"JUSTIFY\">Pr\u00e8viament a la rehabilitaci\u00f3, Hidrotec realitza una inspecci\u00f3 de la canonada mitjan\u00e7ant un equip de c\u00e0mera de TV per con\u00e8ixer l&#8217;estat real de la mateixa i detectar les patologies presents. Una vegada realitzada aquesta inspecci\u00f3, els t\u00e8cnics d\u2019 Hidrotec analitzen el resultat obtingut i valoren el sistema de rehabilitaci\u00f3 m\u00e9s adequat i econ\u00f2mic en cada cas.<\/p>\n<p align=\"JUSTIFY\">Hidrotec disposa de diversos sistemes de reparaci\u00f3 interna de canonades. Entre ells destaquen els seg\u00fcents sistemes:<\/p>\n<ul>\n<li>Sistema de rehabilitaci\u00f3 puntual Part-Lining<\/li>\n<li>Sistema d\u2019 encamisat mitjan\u00e7ant m\u00e0nega cont\u00ednua<\/li>\n<li>Sistema per projecci\u00f3 SprayForm<\/li>\n<\/ul>\n","protected":false},"excerpt":{"rendered":"<p>Descripci\u00f3 Del Servei Els equips de Hidrotec compleixen amb la normativa aplicable, tant a nivell de seguretat com a nivell mediambiental. En aquest sentit, els nostres<span class=\"excerpt-hellip\"> [\u2026]<\/span><\/p>\n","protected":false},"author":1,"featured_media":0,"parent":0,"menu_order":0,"comment_status":"closed","ping_status":"closed","template":"","meta":{"footnotes":""},"class_list":["post-518","page","type-page","status-publish","hentry"],"yoast_head":"<!-- This site is optimized with the Yoast SEO plugin v27.3 - https:\/\/yoast.com\/product\/yoast-seo-wordpress\/ -->\n<title>Desembussos de canonades<\/title>\n<meta name=\"description\" content=\"Servei r\u00e0pid i professional amb les m\u00ednimes mol\u00e8sties, evitant danys costosos a les xarxes de sanejament i abocaments accidentals.\" \/>\n<meta name=\"robots\" content=\"index, follow, max-snippet:-1, max-image-preview:large, max-video-preview:-1\" \/>\n<link rel=\"canonical\" href=\"https:\/\/www.orlconstructora.cat\/es\/desembussos\/\" \/>\n<meta property=\"og:locale\" content=\"es_ES\" \/>\n<meta property=\"og:type\" content=\"article\" \/>\n<meta property=\"og:title\" content=\"Desembussos de canonades\" \/>\n<meta property=\"og:description\" content=\"Servei r\u00e0pid i professional amb les m\u00ednimes mol\u00e8sties, evitant danys costosos a les xarxes de sanejament i abocaments accidentals.\" \/>\n<meta property=\"og:url\" content=\"https:\/\/www.orlconstructora.cat\/es\/desembussos\/\" \/>\n<meta property=\"og:site_name\" content=\"ORL\" \/>\n<meta property=\"article:modified_time\" content=\"2017-05-13T08:08:37+00:00\" \/>\n<meta name=\"twitter:card\" content=\"summary_large_image\" \/>\n<meta name=\"twitter:label1\" content=\"Tiempo de lectura\" \/>\n\t<meta name=\"twitter:data1\" content=\"2 minutos\" \/>\n<script type=\"application\/ld+json\" class=\"yoast-schema-graph\">{\"@context\":\"https:\\\/\\\/schema.org\",\"@graph\":[{\"@type\":\"WebPage\",\"@id\":\"https:\\\/\\\/www.orlconstructora.cat\\\/es\\\/desembussos\\\/\",\"url\":\"https:\\\/\\\/www.orlconstructora.cat\\\/es\\\/desembussos\\\/\",\"name\":\"Desembussos de canonades\",\"isPartOf\":{\"@id\":\"https:\\\/\\\/www.orlconstructora.cat\\\/#website\"},\"datePublished\":\"2016-06-20T17:34:51+00:00\",\"dateModified\":\"2017-05-13T08:08:37+00:00\",\"description\":\"Servei r\u00e0pid i professional amb les m\u00ednimes mol\u00e8sties, evitant danys costosos a les xarxes de sanejament i abocaments accidentals.\",\"breadcrumb\":{\"@id\":\"https:\\\/\\\/www.orlconstructora.cat\\\/es\\\/desembussos\\\/#breadcrumb\"},\"inLanguage\":\"es\",\"potentialAction\":[{\"@type\":\"ReadAction\",\"target\":[\"https:\\\/\\\/www.orlconstructora.cat\\\/es\\\/desembussos\\\/\"]}]},{\"@type\":\"BreadcrumbList\",\"@id\":\"https:\\\/\\\/www.orlconstructora.cat\\\/es\\\/desembussos\\\/#breadcrumb\",\"itemListElement\":[{\"@type\":\"ListItem\",\"position\":1,\"name\":\"Inici\",\"item\":\"https:\\\/\\\/www.orlconstructora.cat\\\/es\\\/\"},{\"@type\":\"ListItem\",\"position\":2,\"name\":\"Desembussos\"}]},{\"@type\":\"WebSite\",\"@id\":\"https:\\\/\\\/www.orlconstructora.cat\\\/#website\",\"url\":\"https:\\\/\\\/www.orlconstructora.cat\\\/\",\"name\":\"ORL\",\"description\":\"Obres i Rasses Le\u00f3n SL\",\"potentialAction\":[{\"@type\":\"SearchAction\",\"target\":{\"@type\":\"EntryPoint\",\"urlTemplate\":\"https:\\\/\\\/www.orlconstructora.cat\\\/?s={search_term_string}\"},\"query-input\":{\"@type\":\"PropertyValueSpecification\",\"valueRequired\":true,\"valueName\":\"search_term_string\"}}],\"inLanguage\":\"es\"}]}<\/script>\n<!-- \/ Yoast SEO plugin. -->","yoast_head_json":{"title":"Desembussos de canonades","description":"Servei r\u00e0pid i professional amb les m\u00ednimes mol\u00e8sties, evitant danys costosos a les xarxes de sanejament i abocaments accidentals.","robots":{"index":"index","follow":"follow","max-snippet":"max-snippet:-1","max-image-preview":"max-image-preview:large","max-video-preview":"max-video-preview:-1"},"canonical":"https:\/\/www.orlconstructora.cat\/es\/desembussos\/","og_locale":"es_ES","og_type":"article","og_title":"Desembussos de canonades","og_description":"Servei r\u00e0pid i professional amb les m\u00ednimes mol\u00e8sties, evitant danys costosos a les xarxes de sanejament i abocaments accidentals.","og_url":"https:\/\/www.orlconstructora.cat\/es\/desembussos\/","og_site_name":"ORL","article_modified_time":"2017-05-13T08:08:37+00:00","twitter_card":"summary_large_image","twitter_misc":{"Tiempo de lectura":"2 minutos"},"schema":{"@context":"https:\/\/schema.org","@graph":[{"@type":"WebPage","@id":"https:\/\/www.orlconstructora.cat\/es\/desembussos\/","url":"https:\/\/www.orlconstructora.cat\/es\/desembussos\/","name":"Desembussos de canonades","isPartOf":{"@id":"https:\/\/www.orlconstructora.cat\/#website"},"datePublished":"2016-06-20T17:34:51+00:00","dateModified":"2017-05-13T08:08:37+00:00","description":"Servei r\u00e0pid i professional amb les m\u00ednimes mol\u00e8sties, evitant danys costosos a les xarxes de sanejament i abocaments accidentals.","breadcrumb":{"@id":"https:\/\/www.orlconstructora.cat\/es\/desembussos\/#breadcrumb"},"inLanguage":"es","potentialAction":[{"@type":"ReadAction","target":["https:\/\/www.orlconstructora.cat\/es\/desembussos\/"]}]},{"@type":"BreadcrumbList","@id":"https:\/\/www.orlconstructora.cat\/es\/desembussos\/#breadcrumb","itemListElement":[{"@type":"ListItem","position":1,"name":"Inici","item":"https:\/\/www.orlconstructora.cat\/es\/"},{"@type":"ListItem","position":2,"name":"Desembussos"}]},{"@type":"WebSite","@id":"https:\/\/www.orlconstructora.cat\/#website","url":"https:\/\/www.orlconstructora.cat\/","name":"ORL","description":"Obres i Rasses Le\u00f3n SL","potentialAction":[{"@type":"SearchAction","target":{"@type":"EntryPoint","urlTemplate":"https:\/\/www.orlconstructora.cat\/?s={search_term_string}"},"query-input":{"@type":"PropertyValueSpecification","valueRequired":true,"valueName":"search_term_string"}}],"inLanguage":"es"}]}},"_links":{"self":[{"href":"https:\/\/www.orlconstructora.cat\/es\/wp-json\/wp\/v2\/pages\/518","targetHints":{"allow":["GET"]}}],"collection":[{"href":"https:\/\/www.orlconstructora.cat\/es\/wp-json\/wp\/v2\/pages"}],"about":[{"href":"https:\/\/www.orlconstructora.cat\/es\/wp-json\/wp\/v2\/types\/page"}],"author":[{"embeddable":true,"href":"https:\/\/www.orlconstructora.cat\/es\/wp-json\/wp\/v2\/users\/1"}],"replies":[{"embeddable":true,"href":"https:\/\/www.orlconstructora.cat\/es\/wp-json\/wp\/v2\/comments?post=518"}],"version-history":[{"count":0,"href":"https:\/\/www.orlconstructora.cat\/es\/wp-json\/wp\/v2\/pages\/518\/revisions"}],"wp:attachment":[{"href":"https:\/\/www.orlconstructora.cat\/es\/wp-json\/wp\/v2\/media?parent=518"}],"curies":[{"name":"wp","href":"https:\/\/api.w.org\/{rel}","templated":true}]}}