{"id":516,"date":"2016-06-20T08:08:50","date_gmt":"2016-06-20T08:08:50","guid":{"rendered":"http:\/\/www.orlconstructora.cat\/construccio\/"},"modified":"2026-04-13T14:37:59","modified_gmt":"2026-04-13T14:37:59","slug":"construccio","status":"publish","type":"page","link":"https:\/\/www.orlconstructora.cat\/es\/construccio\/","title":{"rendered":"CONSTRUCCI\u00d3N"},"content":{"rendered":"<p>ORL est\u00e1 especializada en la ejecuci\u00f3n de todo tipo de obras, tanto de ingenier\u00eda civil, como edificaci\u00f3n, rehabilitaci\u00f3n y restauraci\u00f3n.<\/p>\n<p>En el \u00e1rea civil, la compa\u00f1\u00eda cuenta con la experiencia y los profesionales para aportar un alto valor a\u00f1adido t\u00e9cnico y de ingenier\u00eda en todas sus actuaciones, como son las obras hidr\u00e1ulicas, las infraestructuras para el medio ambiente, o las obras de urbanizaci\u00f3n y construcci\u00f3n de carreteras y espacios urbanos. La empresa tiene como clientes tanto administraciones y sociedades p\u00fablicas como empresas privadas.<\/p>\n<p>Utilizamos las \u00faltimas t\u00e9cnicas para recuperar, restaurar y conservar edificios. Por su complejidad t\u00e9cnica y el valor hist\u00f3rico de los edificios.<\/p>\n","protected":false},"excerpt":{"rendered":"<p>ORL est\u00e1 especializada en la ejecuci\u00f3n de todo tipo de obras, tanto de ingenier\u00eda civil, como edificaci\u00f3n, rehabilitaci\u00f3n y restauraci\u00f3n. En el \u00e1rea civil, la compa\u00f1\u00eda<span class=\"excerpt-hellip\"> [\u2026]<\/span><\/p>\n","protected":false},"author":1,"featured_media":0,"parent":0,"menu_order":0,"comment_status":"closed","ping_status":"closed","template":"","meta":{"footnotes":""},"class_list":["post-516","page","type-page","status-publish","hentry"],"yoast_head":"<!-- This site is optimized with the Yoast SEO plugin v27.5 - https:\/\/yoast.com\/product\/yoast-seo-wordpress\/ -->\n<title>Realitzaci\u00f3 d&#039;obres d&#039;enginyeria civil, edificaci\u00f3, rehabilitaci\u00f3 i restauraci\u00f3<\/title>\n<meta name=\"description\" content=\"ORL est\u00e0 especialitzada en l&#039;execuci\u00f3 de tot tipus d&#039;obres, tant d&#039;enginyeria civil, com edificaci\u00f3, rehabilitaci\u00f3 i restauraci\u00f3.\" \/>\n<meta name=\"robots\" content=\"index, follow, max-snippet:-1, max-image-preview:large, max-video-preview:-1\" \/>\n<link rel=\"canonical\" href=\"https:\/\/www.orlconstructora.cat\/construccion\/\" \/>\n<meta property=\"og:locale\" content=\"es_ES\" \/>\n<meta property=\"og:type\" content=\"article\" \/>\n<meta property=\"og:title\" content=\"Realitzaci\u00f3 d&#039;obres d&#039;enginyeria civil, edificaci\u00f3, rehabilitaci\u00f3 i restauraci\u00f3\" \/>\n<meta property=\"og:description\" content=\"ORL est\u00e0 especialitzada en l&#039;execuci\u00f3 de tot tipus d&#039;obres, tant d&#039;enginyeria civil, com edificaci\u00f3, rehabilitaci\u00f3 i restauraci\u00f3.\" \/>\n<meta property=\"og:url\" content=\"https:\/\/www.orlconstructora.cat\/construccion\/\" \/>\n<meta property=\"og:site_name\" content=\"ORL\" \/>\n<meta property=\"article:modified_time\" content=\"2026-04-13T14:37:59+00:00\" \/>\n<meta name=\"twitter:card\" content=\"summary_large_image\" \/>\n<meta name=\"twitter:label1\" content=\"Tiempo de lectura\" \/>\n\t<meta name=\"twitter:data1\" content=\"1 minuto\" \/>\n<script type=\"application\/ld+json\" class=\"yoast-schema-graph\">{\"@context\":\"https:\\\/\\\/schema.org\",\"@graph\":[{\"@type\":\"WebPage\",\"@id\":\"https:\\\/\\\/www.orlconstructora.cat\\\/construccion\\\/\",\"url\":\"https:\\\/\\\/www.orlconstructora.cat\\\/construccion\\\/\",\"name\":\"Realitzaci\u00f3 d'obres d'enginyeria civil, edificaci\u00f3, rehabilitaci\u00f3 i restauraci\u00f3\",\"isPartOf\":{\"@id\":\"https:\\\/\\\/www.orlconstructora.cat\\\/#website\"},\"datePublished\":\"2016-06-20T08:08:50+00:00\",\"dateModified\":\"2026-04-13T14:37:59+00:00\",\"description\":\"ORL est\u00e0 especialitzada en l'execuci\u00f3 de tot tipus d'obres, tant d'enginyeria civil, com edificaci\u00f3, rehabilitaci\u00f3 i restauraci\u00f3.\",\"breadcrumb\":{\"@id\":\"https:\\\/\\\/www.orlconstructora.cat\\\/construccion\\\/#breadcrumb\"},\"inLanguage\":\"es\",\"potentialAction\":[{\"@type\":\"ReadAction\",\"target\":[\"https:\\\/\\\/www.orlconstructora.cat\\\/construccion\\\/\"]}]},{\"@type\":\"BreadcrumbList\",\"@id\":\"https:\\\/\\\/www.orlconstructora.cat\\\/construccion\\\/#breadcrumb\",\"itemListElement\":[{\"@type\":\"ListItem\",\"position\":1,\"name\":\"Inici\",\"item\":\"https:\\\/\\\/www.orlconstructora.cat\\\/es\\\/\"},{\"@type\":\"ListItem\",\"position\":2,\"name\":\"CONSTRUCCI\u00d3N\"}]},{\"@type\":\"WebSite\",\"@id\":\"https:\\\/\\\/www.orlconstructora.cat\\\/#website\",\"url\":\"https:\\\/\\\/www.orlconstructora.cat\\\/\",\"name\":\"ORL\",\"description\":\"Obres i Rasses Le\u00f3n SL\",\"potentialAction\":[{\"@type\":\"SearchAction\",\"target\":{\"@type\":\"EntryPoint\",\"urlTemplate\":\"https:\\\/\\\/www.orlconstructora.cat\\\/?s={search_term_string}\"},\"query-input\":{\"@type\":\"PropertyValueSpecification\",\"valueRequired\":true,\"valueName\":\"search_term_string\"}}],\"inLanguage\":\"es\"}]}<\/script>\n<!-- \/ Yoast SEO plugin. -->","yoast_head_json":{"title":"Realitzaci\u00f3 d'obres d'enginyeria civil, edificaci\u00f3, rehabilitaci\u00f3 i restauraci\u00f3","description":"ORL est\u00e0 especialitzada en l'execuci\u00f3 de tot tipus d'obres, tant d'enginyeria civil, com edificaci\u00f3, rehabilitaci\u00f3 i restauraci\u00f3.","robots":{"index":"index","follow":"follow","max-snippet":"max-snippet:-1","max-image-preview":"max-image-preview:large","max-video-preview":"max-video-preview:-1"},"canonical":"https:\/\/www.orlconstructora.cat\/construccion\/","og_locale":"es_ES","og_type":"article","og_title":"Realitzaci\u00f3 d'obres d'enginyeria civil, edificaci\u00f3, rehabilitaci\u00f3 i restauraci\u00f3","og_description":"ORL est\u00e0 especialitzada en l'execuci\u00f3 de tot tipus d'obres, tant d'enginyeria civil, com edificaci\u00f3, rehabilitaci\u00f3 i restauraci\u00f3.","og_url":"https:\/\/www.orlconstructora.cat\/construccion\/","og_site_name":"ORL","article_modified_time":"2026-04-13T14:37:59+00:00","twitter_card":"summary_large_image","twitter_misc":{"Tiempo de lectura":"1 minuto"},"schema":{"@context":"https:\/\/schema.org","@graph":[{"@type":"WebPage","@id":"https:\/\/www.orlconstructora.cat\/construccion\/","url":"https:\/\/www.orlconstructora.cat\/construccion\/","name":"Realitzaci\u00f3 d'obres d'enginyeria civil, edificaci\u00f3, rehabilitaci\u00f3 i restauraci\u00f3","isPartOf":{"@id":"https:\/\/www.orlconstructora.cat\/#website"},"datePublished":"2016-06-20T08:08:50+00:00","dateModified":"2026-04-13T14:37:59+00:00","description":"ORL est\u00e0 especialitzada en l'execuci\u00f3 de tot tipus d'obres, tant d'enginyeria civil, com edificaci\u00f3, rehabilitaci\u00f3 i restauraci\u00f3.","breadcrumb":{"@id":"https:\/\/www.orlconstructora.cat\/construccion\/#breadcrumb"},"inLanguage":"es","potentialAction":[{"@type":"ReadAction","target":["https:\/\/www.orlconstructora.cat\/construccion\/"]}]},{"@type":"BreadcrumbList","@id":"https:\/\/www.orlconstructora.cat\/construccion\/#breadcrumb","itemListElement":[{"@type":"ListItem","position":1,"name":"Inici","item":"https:\/\/www.orlconstructora.cat\/es\/"},{"@type":"ListItem","position":2,"name":"CONSTRUCCI\u00d3N"}]},{"@type":"WebSite","@id":"https:\/\/www.orlconstructora.cat\/#website","url":"https:\/\/www.orlconstructora.cat\/","name":"ORL","description":"Obres i Rasses Le\u00f3n SL","potentialAction":[{"@type":"SearchAction","target":{"@type":"EntryPoint","urlTemplate":"https:\/\/www.orlconstructora.cat\/?s={search_term_string}"},"query-input":{"@type":"PropertyValueSpecification","valueRequired":true,"valueName":"search_term_string"}}],"inLanguage":"es"}]}},"_links":{"self":[{"href":"https:\/\/www.orlconstructora.cat\/es\/wp-json\/wp\/v2\/pages\/516","targetHints":{"allow":["GET"]}}],"collection":[{"href":"https:\/\/www.orlconstructora.cat\/es\/wp-json\/wp\/v2\/pages"}],"about":[{"href":"https:\/\/www.orlconstructora.cat\/es\/wp-json\/wp\/v2\/types\/page"}],"author":[{"embeddable":true,"href":"https:\/\/www.orlconstructora.cat\/es\/wp-json\/wp\/v2\/users\/1"}],"replies":[{"embeddable":true,"href":"https:\/\/www.orlconstructora.cat\/es\/wp-json\/wp\/v2\/comments?post=516"}],"version-history":[{"count":1,"href":"https:\/\/www.orlconstructora.cat\/es\/wp-json\/wp\/v2\/pages\/516\/revisions"}],"predecessor-version":[{"id":1908,"href":"https:\/\/www.orlconstructora.cat\/es\/wp-json\/wp\/v2\/pages\/516\/revisions\/1908"}],"wp:attachment":[{"href":"https:\/\/www.orlconstructora.cat\/es\/wp-json\/wp\/v2\/media?parent=516"}],"curies":[{"name":"wp","href":"https:\/\/api.w.org\/{rel}","templated":true}]}}